{"id":105,"date":"2018-09-27T09:06:02","date_gmt":"2018-09-27T07:06:02","guid":{"rendered":"http:\/\/vieux-vy-sport-canin.fr\/?page_id=105"},"modified":"2018-09-27T09:06:02","modified_gmt":"2018-09-27T07:06:02","slug":"ou-nous-trouver","status":"publish","type":"page","link":"https:\/\/vieux-vy-sport-canin.fr\/index.php\/ou-nous-trouver\/","title":{"rendered":"O\u00f9 nous trouver"},"content":{"rendered":"<p style=\"text-align: center;\"><strong>Vieux-Vy Sport Canin<\/strong><br \/>\nall\u00e9e du stade<br \/>\n35490 Vieux-Vy sur Couesnon<\/p>\n<div class=\"section-hero-header-title\">\n<p style=\"text-align: center;\"><strong>Coordonn\u00e9es GPS<\/strong><br \/>\n48.340694, -1.491861<\/p>\n<\/div>\n<p><iframe loading=\"lazy\" style=\"border: 0;\" src=\"https:\/\/www.google.com\/maps\/embed?pb=!1m18!1m12!1m3!1d35689.19247302763!2d-1.5337115740475142!3d48.32948125063494!2m3!1f0!2f0!3f0!3m2!1i1024!2i768!4f13.1!3m3!1m2!1s0x0%3A0x2b818f98840e5203!2sVieux-Vy+Sport+Canin%2C+club+canin+et+d'%C3%A9ducation+canine+de+Vieux+Vy+sur+Couesnon!5e0!3m2!1sfr!2sfr!4v1488105862368\" width=\"100%\" height=\"500px\" frameborder=\"0\" allowfullscreen=\"allowfullscreen\"><\/iframe><\/p>\n","protected":false},"excerpt":{"rendered":"<p>Vieux-Vy Sport Canin all\u00e9e du stade 35490 Vieux-Vy sur Couesnon Coordonn\u00e9es GPS 48.340694, -1.491861<\/p>\n","protected":false},"author":1,"featured_media":0,"parent":0,"menu_order":0,"comment_status":"closed","ping_status":"closed","template":"","meta":{"jetpack_post_was_ever_published":false,"footnotes":""},"yoast_head":"<!-- This site is optimized with the Yoast SEO plugin v24.5 - https:\/\/yoast.com\/wordpress\/plugins\/seo\/ -->\n<title>O\u00f9 nous trouver - Vieux-Vy Sport Canin<\/title>\n<meta name=\"robots\" content=\"index, follow, max-snippet:-1, max-image-preview:large, max-video-preview:-1\" \/>\n<link rel=\"canonical\" href=\"https:\/\/vieux-vy-sport-canin.fr\/index.php\/ou-nous-trouver\/\" \/>\n<meta property=\"og:locale\" content=\"fr_FR\" \/>\n<meta property=\"og:type\" content=\"article\" \/>\n<meta property=\"og:title\" content=\"O\u00f9 nous trouver - Vieux-Vy Sport Canin\" \/>\n<meta property=\"og:description\" content=\"Vieux-Vy Sport Canin all\u00e9e du stade 35490 Vieux-Vy sur Couesnon Coordonn\u00e9es GPS 48.340694, -1.491861\" \/>\n<meta property=\"og:url\" content=\"https:\/\/vieux-vy-sport-canin.fr\/index.php\/ou-nous-trouver\/\" \/>\n<meta property=\"og:site_name\" content=\"Vieux-Vy Sport Canin\" \/>\n<meta property=\"article:publisher\" content=\"https:\/\/www.facebook.com\/Vieux-Vy-Sport-Canin-778795142274900\/\" \/>\n<meta name=\"twitter:card\" content=\"summary_large_image\" \/>\n<script type=\"application\/ld+json\" class=\"yoast-schema-graph\">{\"@context\":\"https:\/\/schema.org\",\"@graph\":[{\"@type\":\"WebPage\",\"@id\":\"https:\/\/vieux-vy-sport-canin.fr\/index.php\/ou-nous-trouver\/\",\"url\":\"https:\/\/vieux-vy-sport-canin.fr\/index.php\/ou-nous-trouver\/\",\"name\":\"O\u00f9 nous trouver - Vieux-Vy Sport Canin\",\"isPartOf\":{\"@id\":\"https:\/\/vieux-vy-sport-canin.fr\/#website\"},\"datePublished\":\"2018-09-27T07:06:02+00:00\",\"breadcrumb\":{\"@id\":\"https:\/\/vieux-vy-sport-canin.fr\/index.php\/ou-nous-trouver\/#breadcrumb\"},\"inLanguage\":\"fr-FR\",\"potentialAction\":[{\"@type\":\"ReadAction\",\"target\":[\"https:\/\/vieux-vy-sport-canin.fr\/index.php\/ou-nous-trouver\/\"]}]},{\"@type\":\"BreadcrumbList\",\"@id\":\"https:\/\/vieux-vy-sport-canin.fr\/index.php\/ou-nous-trouver\/#breadcrumb\",\"itemListElement\":[{\"@type\":\"ListItem\",\"position\":1,\"name\":\"Accueil\",\"item\":\"https:\/\/vieux-vy-sport-canin.fr\/\"},{\"@type\":\"ListItem\",\"position\":2,\"name\":\"O\u00f9 nous trouver\"}]},{\"@type\":\"WebSite\",\"@id\":\"https:\/\/vieux-vy-sport-canin.fr\/#website\",\"url\":\"https:\/\/vieux-vy-sport-canin.fr\/\",\"name\":\"Vieux-Vy Sport Canin\",\"description\":\"Club canin de Vieux-Vy sur Couesnon, \u00e9ducation canine, pistage fran\u00e7ais et ring.\",\"potentialAction\":[{\"@type\":\"SearchAction\",\"target\":{\"@type\":\"EntryPoint\",\"urlTemplate\":\"https:\/\/vieux-vy-sport-canin.fr\/?s={search_term_string}\"},\"query-input\":{\"@type\":\"PropertyValueSpecification\",\"valueRequired\":true,\"valueName\":\"search_term_string\"}}],\"inLanguage\":\"fr-FR\"}]}<\/script>\n<!-- \/ Yoast SEO plugin. -->","yoast_head_json":{"title":"O\u00f9 nous trouver - Vieux-Vy Sport Canin","robots":{"index":"index","follow":"follow","max-snippet":"max-snippet:-1","max-image-preview":"max-image-preview:large","max-video-preview":"max-video-preview:-1"},"canonical":"https:\/\/vieux-vy-sport-canin.fr\/index.php\/ou-nous-trouver\/","og_locale":"fr_FR","og_type":"article","og_title":"O\u00f9 nous trouver - Vieux-Vy Sport Canin","og_description":"Vieux-Vy Sport Canin all\u00e9e du stade 35490 Vieux-Vy sur Couesnon Coordonn\u00e9es GPS 48.340694, -1.491861","og_url":"https:\/\/vieux-vy-sport-canin.fr\/index.php\/ou-nous-trouver\/","og_site_name":"Vieux-Vy Sport Canin","article_publisher":"https:\/\/www.facebook.com\/Vieux-Vy-Sport-Canin-778795142274900\/","twitter_card":"summary_large_image","schema":{"@context":"https:\/\/schema.org","@graph":[{"@type":"WebPage","@id":"https:\/\/vieux-vy-sport-canin.fr\/index.php\/ou-nous-trouver\/","url":"https:\/\/vieux-vy-sport-canin.fr\/index.php\/ou-nous-trouver\/","name":"O\u00f9 nous trouver - Vieux-Vy Sport Canin","isPartOf":{"@id":"https:\/\/vieux-vy-sport-canin.fr\/#website"},"datePublished":"2018-09-27T07:06:02+00:00","breadcrumb":{"@id":"https:\/\/vieux-vy-sport-canin.fr\/index.php\/ou-nous-trouver\/#breadcrumb"},"inLanguage":"fr-FR","potentialAction":[{"@type":"ReadAction","target":["https:\/\/vieux-vy-sport-canin.fr\/index.php\/ou-nous-trouver\/"]}]},{"@type":"BreadcrumbList","@id":"https:\/\/vieux-vy-sport-canin.fr\/index.php\/ou-nous-trouver\/#breadcrumb","itemListElement":[{"@type":"ListItem","position":1,"name":"Accueil","item":"https:\/\/vieux-vy-sport-canin.fr\/"},{"@type":"ListItem","position":2,"name":"O\u00f9 nous trouver"}]},{"@type":"WebSite","@id":"https:\/\/vieux-vy-sport-canin.fr\/#website","url":"https:\/\/vieux-vy-sport-canin.fr\/","name":"Vieux-Vy Sport Canin","description":"Club canin de Vieux-Vy sur Couesnon, \u00e9ducation canine, pistage fran\u00e7ais et ring.","potentialAction":[{"@type":"SearchAction","target":{"@type":"EntryPoint","urlTemplate":"https:\/\/vieux-vy-sport-canin.fr\/?s={search_term_string}"},"query-input":{"@type":"PropertyValueSpecification","valueRequired":true,"valueName":"search_term_string"}}],"inLanguage":"fr-FR"}]}},"jetpack_sharing_enabled":true,"jetpack_shortlink":"https:\/\/wp.me\/Paj4Ig-1H","_links":{"self":[{"href":"https:\/\/vieux-vy-sport-canin.fr\/index.php\/wp-json\/wp\/v2\/pages\/105"}],"collection":[{"href":"https:\/\/vieux-vy-sport-canin.fr\/index.php\/wp-json\/wp\/v2\/pages"}],"about":[{"href":"https:\/\/vieux-vy-sport-canin.fr\/index.php\/wp-json\/wp\/v2\/types\/page"}],"author":[{"embeddable":true,"href":"https:\/\/vieux-vy-sport-canin.fr\/index.php\/wp-json\/wp\/v2\/users\/1"}],"replies":[{"embeddable":true,"href":"https:\/\/vieux-vy-sport-canin.fr\/index.php\/wp-json\/wp\/v2\/comments?post=105"}],"version-history":[{"count":1,"href":"https:\/\/vieux-vy-sport-canin.fr\/index.php\/wp-json\/wp\/v2\/pages\/105\/revisions"}],"predecessor-version":[{"id":107,"href":"https:\/\/vieux-vy-sport-canin.fr\/index.php\/wp-json\/wp\/v2\/pages\/105\/revisions\/107"}],"wp:attachment":[{"href":"https:\/\/vieux-vy-sport-canin.fr\/index.php\/wp-json\/wp\/v2\/media?parent=105"}],"curies":[{"name":"wp","href":"https:\/\/api.w.org\/{rel}","templated":true}]}}