{"id":47,"date":"2018-09-26T21:54:18","date_gmt":"2018-09-26T19:54:18","guid":{"rendered":"http:\/\/vieux-vy-sport-canin.fr\/?page_id=47"},"modified":"2018-09-26T21:55:01","modified_gmt":"2018-09-26T19:55:01","slug":"leducation-canine","status":"publish","type":"page","link":"https:\/\/vieux-vy-sport-canin.fr\/index.php\/leducation-canine\/","title":{"rendered":"L&rsquo;\u00e9ducation canine"},"content":{"rendered":"<p style=\"text-align: center;\"><div id=\"metaslider-id-36\" style=\"max-width: 700px;\" class=\"ml-slider-3-70-2 metaslider metaslider-flex metaslider-36 ml-slider ms-theme-default\" role=\"region\" aria-roledescription=\"Slideshow\" aria-label=\"Education\">\n    <div id=\"metaslider_container_36\">\n        <div id=\"metaslider_36\">\n            <ul aria-live=\"polite\" class=\"slides\">\n                <li style=\"display: block; width: 100%;\" class=\"slide-42 ms-image \" aria-roledescription=\"slide\" aria-label=\"slide-42\"><img loading=\"lazy\" decoding=\"async\" src=\"https:\/\/vieux-vy-sport-canin.fr\/wp-content\/uploads\/2018\/09\/DSC_0189-700x300.jpg\" height=\"300\" width=\"700\" alt=\"\" class=\"slider-36 slide-42\" title=\"DSC_0189\" \/><\/li>\n                <li style=\"display: none; width: 100%;\" class=\"slide-43 ms-image \" aria-roledescription=\"slide\" aria-label=\"slide-43\"><img loading=\"lazy\" decoding=\"async\" src=\"https:\/\/vieux-vy-sport-canin.fr\/wp-content\/uploads\/2018\/09\/DSC_0254-682x292.jpg\" height=\"300\" width=\"700\" alt=\"\" class=\"slider-36 slide-43\" title=\"DSC_0254\" \/><\/li>\n                <li style=\"display: none; width: 100%;\" class=\"slide-44 ms-image \" aria-roledescription=\"slide\" aria-label=\"slide-44\"><img loading=\"lazy\" decoding=\"async\" src=\"https:\/\/vieux-vy-sport-canin.fr\/wp-content\/uploads\/2018\/09\/DSC_0190-700x300.jpg\" height=\"300\" width=\"700\" alt=\"\" class=\"slider-36 slide-44\" title=\"DSC_0190\" \/><\/li>\n                <li style=\"display: none; width: 100%;\" class=\"slide-45 ms-image \" aria-roledescription=\"slide\" aria-label=\"slide-45\"><img loading=\"lazy\" decoding=\"async\" src=\"https:\/\/vieux-vy-sport-canin.fr\/wp-content\/uploads\/2018\/09\/DSC_0093-700x300.jpg\" height=\"300\" width=\"700\" alt=\"\" class=\"slider-36 slide-45\" title=\"DSC_0093\" \/><\/li>\n                <li style=\"display: none; width: 100%;\" class=\"slide-46 ms-image \" aria-roledescription=\"slide\" aria-label=\"slide-46\"><img loading=\"lazy\" decoding=\"async\" src=\"https:\/\/vieux-vy-sport-canin.fr\/wp-content\/uploads\/2018\/09\/DSC_0013-700x300.jpg\" height=\"300\" width=\"700\" alt=\"\" class=\"slider-36 slide-46\" title=\"DSC_0013\" \/><\/li>\n            <\/ul>\n        <\/div>\n        \n    <\/div>\n<\/div><\/p>\n<p>L\u2019\u00e9ducation canine a pour but d\u2019aider les ma\u00eetres \u00e0 ins\u00e9rer correctement leur chien dans leur foyer, qu\u2019il y soit bien \u00e0 sa place, ainsi que dans notre soci\u00e9t\u00e9.<\/p>\n<p>Les cours sont dispens\u00e9s en s\u00e9ances collectives sous la conduite d\u2019un \u00e9ducateur canin form\u00e9 et diplom\u00e9. On y apprend \u00e0 d\u00e9coder le \u00ab langage chien \u00bb et \u00e0 utiliser des techniques de base pour se faire comprendre et ob\u00e9ir. On n\u2019y vient donc pas y faire \u00e9duquer son chien mais pour apprendre \u00e0 l\u2019\u00e9duquer.<\/p>\n<p>Les cours collectifs ont pour avantage de sociabiliser le chien et de lui apprendre \u00e0 ob\u00e9ir en pr\u00e9sence de ses cong\u00e9n\u00e8res.<br \/>\nLa ma\u00eetrise alors obtenue, permet une vie quotidienne plus agr\u00e9able.<\/p>\n<p>Le comportement du chien devient ainsi plus \u00e9quilibr\u00e9 envers toute personne ou autre animal et il devient alors un bon \u00ab chien de compagnie \u00bb.<\/p>\n","protected":false},"excerpt":{"rendered":"<p>L\u2019\u00e9ducation canine a pour but d\u2019aider les ma\u00eetres \u00e0 ins\u00e9rer correctement leur chien dans leur foyer, qu\u2019il y soit bien \u00e0 sa place, ainsi que dans notre soci\u00e9t\u00e9. Les cours sont dispens\u00e9s en s\u00e9ances collectives sous la conduite d\u2019un \u00e9ducateur canin form\u00e9 et diplom\u00e9. On y apprend \u00e0 d\u00e9coder le&#8230; <a class=\"continue-reading-link\" href=\"https:\/\/vieux-vy-sport-canin.fr\/index.php\/leducation-canine\/\"> Continue reading <span class=\"meta-nav\">&rarr; <\/span><\/a><\/p>\n","protected":false},"author":1,"featured_media":0,"parent":0,"menu_order":0,"comment_status":"closed","ping_status":"closed","template":"","meta":{"jetpack_post_was_ever_published":false,"footnotes":""},"yoast_head":"<!-- This site is optimized with the Yoast SEO plugin v24.5 - https:\/\/yoast.com\/wordpress\/plugins\/seo\/ -->\n<title>L&#039;\u00e9ducation canine - Vieux-Vy Sport Canin<\/title>\n<meta name=\"robots\" content=\"index, follow, max-snippet:-1, max-image-preview:large, max-video-preview:-1\" \/>\n<link rel=\"canonical\" href=\"https:\/\/vieux-vy-sport-canin.fr\/index.php\/leducation-canine\/\" \/>\n<meta property=\"og:locale\" content=\"fr_FR\" \/>\n<meta property=\"og:type\" content=\"article\" \/>\n<meta property=\"og:title\" content=\"L&#039;\u00e9ducation canine - Vieux-Vy Sport Canin\" \/>\n<meta property=\"og:description\" content=\"L\u2019\u00e9ducation canine a pour but d\u2019aider les ma\u00eetres \u00e0 ins\u00e9rer correctement leur chien dans leur foyer, qu\u2019il y soit bien \u00e0 sa place, ainsi que dans notre soci\u00e9t\u00e9. Les cours sont dispens\u00e9s en s\u00e9ances collectives sous la conduite d\u2019un \u00e9ducateur canin form\u00e9 et diplom\u00e9. On y apprend \u00e0 d\u00e9coder le... Continue reading &rarr;\" \/>\n<meta property=\"og:url\" content=\"https:\/\/vieux-vy-sport-canin.fr\/index.php\/leducation-canine\/\" \/>\n<meta property=\"og:site_name\" content=\"Vieux-Vy Sport Canin\" \/>\n<meta property=\"article:publisher\" content=\"https:\/\/www.facebook.com\/Vieux-Vy-Sport-Canin-778795142274900\/\" \/>\n<meta property=\"article:modified_time\" content=\"2018-09-26T19:55:01+00:00\" \/>\n<meta name=\"twitter:card\" content=\"summary_large_image\" \/>\n<meta name=\"twitter:label1\" content=\"Dur\u00e9e de lecture estim\u00e9e\" \/>\n\t<meta name=\"twitter:data1\" content=\"1 minute\" \/>\n<script type=\"application\/ld+json\" class=\"yoast-schema-graph\">{\"@context\":\"https:\/\/schema.org\",\"@graph\":[{\"@type\":\"WebPage\",\"@id\":\"https:\/\/vieux-vy-sport-canin.fr\/index.php\/leducation-canine\/\",\"url\":\"https:\/\/vieux-vy-sport-canin.fr\/index.php\/leducation-canine\/\",\"name\":\"L'\u00e9ducation canine - Vieux-Vy Sport Canin\",\"isPartOf\":{\"@id\":\"https:\/\/vieux-vy-sport-canin.fr\/#website\"},\"datePublished\":\"2018-09-26T19:54:18+00:00\",\"dateModified\":\"2018-09-26T19:55:01+00:00\",\"breadcrumb\":{\"@id\":\"https:\/\/vieux-vy-sport-canin.fr\/index.php\/leducation-canine\/#breadcrumb\"},\"inLanguage\":\"fr-FR\",\"potentialAction\":[{\"@type\":\"ReadAction\",\"target\":[\"https:\/\/vieux-vy-sport-canin.fr\/index.php\/leducation-canine\/\"]}]},{\"@type\":\"BreadcrumbList\",\"@id\":\"https:\/\/vieux-vy-sport-canin.fr\/index.php\/leducation-canine\/#breadcrumb\",\"itemListElement\":[{\"@type\":\"ListItem\",\"position\":1,\"name\":\"Accueil\",\"item\":\"https:\/\/vieux-vy-sport-canin.fr\/\"},{\"@type\":\"ListItem\",\"position\":2,\"name\":\"L&rsquo;\u00e9ducation canine\"}]},{\"@type\":\"WebSite\",\"@id\":\"https:\/\/vieux-vy-sport-canin.fr\/#website\",\"url\":\"https:\/\/vieux-vy-sport-canin.fr\/\",\"name\":\"Vieux-Vy Sport Canin\",\"description\":\"Club canin de Vieux-Vy sur Couesnon, \u00e9ducation canine, pistage fran\u00e7ais et ring.\",\"potentialAction\":[{\"@type\":\"SearchAction\",\"target\":{\"@type\":\"EntryPoint\",\"urlTemplate\":\"https:\/\/vieux-vy-sport-canin.fr\/?s={search_term_string}\"},\"query-input\":{\"@type\":\"PropertyValueSpecification\",\"valueRequired\":true,\"valueName\":\"search_term_string\"}}],\"inLanguage\":\"fr-FR\"}]}<\/script>\n<!-- \/ Yoast SEO plugin. -->","yoast_head_json":{"title":"L'\u00e9ducation canine - Vieux-Vy Sport Canin","robots":{"index":"index","follow":"follow","max-snippet":"max-snippet:-1","max-image-preview":"max-image-preview:large","max-video-preview":"max-video-preview:-1"},"canonical":"https:\/\/vieux-vy-sport-canin.fr\/index.php\/leducation-canine\/","og_locale":"fr_FR","og_type":"article","og_title":"L'\u00e9ducation canine - Vieux-Vy Sport Canin","og_description":"L\u2019\u00e9ducation canine a pour but d\u2019aider les ma\u00eetres \u00e0 ins\u00e9rer correctement leur chien dans leur foyer, qu\u2019il y soit bien \u00e0 sa place, ainsi que dans notre soci\u00e9t\u00e9. Les cours sont dispens\u00e9s en s\u00e9ances collectives sous la conduite d\u2019un \u00e9ducateur canin form\u00e9 et diplom\u00e9. On y apprend \u00e0 d\u00e9coder le... Continue reading &rarr;","og_url":"https:\/\/vieux-vy-sport-canin.fr\/index.php\/leducation-canine\/","og_site_name":"Vieux-Vy Sport Canin","article_publisher":"https:\/\/www.facebook.com\/Vieux-Vy-Sport-Canin-778795142274900\/","article_modified_time":"2018-09-26T19:55:01+00:00","twitter_card":"summary_large_image","twitter_misc":{"Dur\u00e9e de lecture estim\u00e9e":"1 minute"},"schema":{"@context":"https:\/\/schema.org","@graph":[{"@type":"WebPage","@id":"https:\/\/vieux-vy-sport-canin.fr\/index.php\/leducation-canine\/","url":"https:\/\/vieux-vy-sport-canin.fr\/index.php\/leducation-canine\/","name":"L'\u00e9ducation canine - Vieux-Vy Sport Canin","isPartOf":{"@id":"https:\/\/vieux-vy-sport-canin.fr\/#website"},"datePublished":"2018-09-26T19:54:18+00:00","dateModified":"2018-09-26T19:55:01+00:00","breadcrumb":{"@id":"https:\/\/vieux-vy-sport-canin.fr\/index.php\/leducation-canine\/#breadcrumb"},"inLanguage":"fr-FR","potentialAction":[{"@type":"ReadAction","target":["https:\/\/vieux-vy-sport-canin.fr\/index.php\/leducation-canine\/"]}]},{"@type":"BreadcrumbList","@id":"https:\/\/vieux-vy-sport-canin.fr\/index.php\/leducation-canine\/#breadcrumb","itemListElement":[{"@type":"ListItem","position":1,"name":"Accueil","item":"https:\/\/vieux-vy-sport-canin.fr\/"},{"@type":"ListItem","position":2,"name":"L&rsquo;\u00e9ducation canine"}]},{"@type":"WebSite","@id":"https:\/\/vieux-vy-sport-canin.fr\/#website","url":"https:\/\/vieux-vy-sport-canin.fr\/","name":"Vieux-Vy Sport Canin","description":"Club canin de Vieux-Vy sur Couesnon, \u00e9ducation canine, pistage fran\u00e7ais et ring.","potentialAction":[{"@type":"SearchAction","target":{"@type":"EntryPoint","urlTemplate":"https:\/\/vieux-vy-sport-canin.fr\/?s={search_term_string}"},"query-input":{"@type":"PropertyValueSpecification","valueRequired":true,"valueName":"search_term_string"}}],"inLanguage":"fr-FR"}]}},"jetpack_sharing_enabled":true,"jetpack_shortlink":"https:\/\/wp.me\/Paj4Ig-L","_links":{"self":[{"href":"https:\/\/vieux-vy-sport-canin.fr\/index.php\/wp-json\/wp\/v2\/pages\/47"}],"collection":[{"href":"https:\/\/vieux-vy-sport-canin.fr\/index.php\/wp-json\/wp\/v2\/pages"}],"about":[{"href":"https:\/\/vieux-vy-sport-canin.fr\/index.php\/wp-json\/wp\/v2\/types\/page"}],"author":[{"embeddable":true,"href":"https:\/\/vieux-vy-sport-canin.fr\/index.php\/wp-json\/wp\/v2\/users\/1"}],"replies":[{"embeddable":true,"href":"https:\/\/vieux-vy-sport-canin.fr\/index.php\/wp-json\/wp\/v2\/comments?post=47"}],"version-history":[{"count":2,"href":"https:\/\/vieux-vy-sport-canin.fr\/index.php\/wp-json\/wp\/v2\/pages\/47\/revisions"}],"predecessor-version":[{"id":49,"href":"https:\/\/vieux-vy-sport-canin.fr\/index.php\/wp-json\/wp\/v2\/pages\/47\/revisions\/49"}],"wp:attachment":[{"href":"https:\/\/vieux-vy-sport-canin.fr\/index.php\/wp-json\/wp\/v2\/media?parent=47"}],"curies":[{"name":"wp","href":"https:\/\/api.w.org\/{rel}","templated":true}]}}