{"id":80,"date":"2018-09-27T08:40:16","date_gmt":"2018-09-27T06:40:16","guid":{"rendered":"http:\/\/vieux-vy-sport-canin.fr\/?page_id=80"},"modified":"2022-11-29T15:02:27","modified_gmt":"2022-11-29T14:02:27","slug":"le-pistage-francais","status":"publish","type":"page","link":"https:\/\/vieux-vy-sport-canin.fr\/index.php\/le-pistage-francais\/","title":{"rendered":"Le pistage fran\u00e7ais"},"content":{"rendered":"<p>Le pistage fran\u00e7ais est une discipline sportive canine qui a pour but de mettre en valeur les qualit\u00e9s olfactives du chien, cette discipline se pratique en ext\u00e9rieur sur des terrains de p\u00e2ture, de labour ou encore de ma\u00efs coup\u00e9.<\/p>\n<p>Le travail du chien consiste \u00e0 suivre une piste (un parcours pr\u00e9d\u00e9fini) comportant certaines difficult\u00e9s o\u00f9 le chien doit trouver un ou plusieurs objets, le rapporter a son ma\u00eetre, s\u2019asseoir devant lui objet en gueule.<\/p>\n<div><img loading=\"lazy\" decoding=\"async\" class=\"size-medium wp-image-81 alignright\" src=\"http:\/\/vieux-vy-sport-canin.fr\/wp-content\/uploads\/2018\/09\/Objets_pistage-300x215.jpg\" alt=\"\" width=\"300\" height=\"215\" srcset=\"https:\/\/vieux-vy-sport-canin.fr\/wp-content\/uploads\/2018\/09\/Objets_pistage.jpg 300w, https:\/\/vieux-vy-sport-canin.fr\/wp-content\/uploads\/2018\/09\/Objets_pistage-150x108.jpg 150w, https:\/\/vieux-vy-sport-canin.fr\/wp-content\/uploads\/2018\/09\/Objets_pistage-209x150.jpg 209w\" sizes=\"(max-width: 300px) 100vw, 300px\" \/><\/div>\n<div><\/div>\n<div><\/div>\n<div><strong>Types d\u2019objets :<\/strong><\/div>\n<ul>\n<li>morceau de corde<\/li>\n<li>morceau de tuyau<\/li>\n<li>morceau de moquette<\/li>\n<li>morceau de bois<\/li>\n<\/ul>\n<p>Le chien doit suivre une odeur, l\u2019odeur laiss\u00e9e par le traceur (personne qui fait la piste), car toute personne, lorsqu\u2019elle marche, d\u00e9pose d\u2019infimes mol\u00e9cules olfactives que le chien peut sentir. Attention, le chien doit suivre le plus fid\u00e8lement possible le parcours de la piste, sinon il y a p\u00e9nalit\u00e9s de points.<\/p>\n<p><strong>En pistage fran\u00e7ais il y a deux \u00e9preuves :<\/strong><\/p>\n<ul>\n<li>La piste en libre, o\u00f9 le chien \u00e9volue seul sur la piste,il ne doit pas se faire aider de son ma\u00eetre, il est totalement autonome.<\/li>\n<\/ul>\n<p><a href=\"http:\/\/vieux-vy-sport-canin.fr\/wp-content\/uploads\/2018\/09\/Sybelle_libre.jpg\"><img loading=\"lazy\" decoding=\"async\" class=\"wp-image-82 aligncenter\" src=\"http:\/\/vieux-vy-sport-canin.fr\/wp-content\/uploads\/2018\/09\/Sybelle_libre.jpg\" alt=\"\" width=\"665\" height=\"488\" srcset=\"https:\/\/vieux-vy-sport-canin.fr\/wp-content\/uploads\/2018\/09\/Sybelle_libre.jpg 709w, https:\/\/vieux-vy-sport-canin.fr\/wp-content\/uploads\/2018\/09\/Sybelle_libre-300x220.jpg 300w, https:\/\/vieux-vy-sport-canin.fr\/wp-content\/uploads\/2018\/09\/Sybelle_libre-150x110.jpg 150w, https:\/\/vieux-vy-sport-canin.fr\/wp-content\/uploads\/2018\/09\/Sybelle_libre-205x150.jpg 205w\" sizes=\"(max-width: 665px) 100vw, 665px\" \/><\/a><\/p>\n<p>Exemple de piste libre :<\/p>\n<p><a href=\"http:\/\/vieux-vy-sport-canin.fr\/wp-content\/uploads\/2018\/09\/exemple_libre.gif\"><img loading=\"lazy\" decoding=\"async\" class=\"aligncenter wp-image-157 size-full\" src=\"http:\/\/vieux-vy-sport-canin.fr\/wp-content\/uploads\/2018\/09\/exemple_libre.gif\" width=\"517\" height=\"248\" \/><\/a><\/p>\n<ul>\n<li>La piste en trait de limier, o\u00f9 le chien munit d\u2019un harnais, est accompagn\u00e9 de son ma\u00eetre, qui le suit au bout d\u2019une longe de 10m tout en restant muet.<br \/>\nA la fin de la piste le chien doit identifier le traceur en s\u2019assayant devant et en l\u2019aboyant.<\/li>\n<\/ul>\n<p><a href=\"http:\/\/vieux-vy-sport-canin.fr\/wp-content\/uploads\/2018\/09\/Trait.jpg\"><img loading=\"lazy\" decoding=\"async\" class=\"aligncenter wp-image-158\" src=\"http:\/\/vieux-vy-sport-canin.fr\/wp-content\/uploads\/2018\/09\/Trait.jpg\" width=\"701\" height=\"467\" \/><\/a><\/p>\n<p>Exemple de piste au trait de limier :<\/p>\n<p><a href=\"http:\/\/vieux-vy-sport-canin.fr\/wp-content\/uploads\/2018\/09\/exemple_trait.gif\"><img loading=\"lazy\" decoding=\"async\" class=\"aligncenter wp-image-159 size-full\" src=\"http:\/\/vieux-vy-sport-canin.fr\/wp-content\/uploads\/2018\/09\/exemple_trait.gif\" width=\"597\" height=\"361\" \/><\/a><\/p>\n","protected":false},"excerpt":{"rendered":"<p>Le pistage fran\u00e7ais est une discipline sportive canine qui a pour but de mettre en valeur les qualit\u00e9s olfactives du chien, cette discipline se pratique en ext\u00e9rieur sur des terrains de p\u00e2ture, de labour ou encore de ma\u00efs coup\u00e9. Le travail du chien consiste \u00e0 suivre une piste (un parcours&#8230; <a class=\"continue-reading-link\" href=\"https:\/\/vieux-vy-sport-canin.fr\/index.php\/le-pistage-francais\/\"> Continue reading <span class=\"meta-nav\">&rarr; <\/span><\/a><\/p>\n","protected":false},"author":1,"featured_media":84,"parent":0,"menu_order":0,"comment_status":"closed","ping_status":"closed","template":"","meta":{"jetpack_post_was_ever_published":false,"footnotes":""},"yoast_head":"<!-- This site is optimized with the Yoast SEO plugin v24.5 - https:\/\/yoast.com\/wordpress\/plugins\/seo\/ -->\n<title>Le pistage fran\u00e7ais - Vieux-Vy Sport Canin<\/title>\n<meta name=\"description\" content=\"Le pistage Fran\u00e7ais \u00e0 Vieux-Vy-Sport-Canin\" \/>\n<meta name=\"robots\" content=\"index, follow, max-snippet:-1, max-image-preview:large, max-video-preview:-1\" \/>\n<link rel=\"canonical\" href=\"https:\/\/vieux-vy-sport-canin.fr\/index.php\/le-pistage-francais\/\" \/>\n<meta property=\"og:locale\" content=\"fr_FR\" \/>\n<meta property=\"og:type\" content=\"article\" \/>\n<meta property=\"og:title\" content=\"Le pistage fran\u00e7ais - Vieux-Vy Sport Canin\" \/>\n<meta property=\"og:description\" content=\"Le pistage Fran\u00e7ais \u00e0 Vieux-Vy-Sport-Canin\" \/>\n<meta property=\"og:url\" content=\"https:\/\/vieux-vy-sport-canin.fr\/index.php\/le-pistage-francais\/\" \/>\n<meta property=\"og:site_name\" content=\"Vieux-Vy Sport Canin\" \/>\n<meta property=\"article:publisher\" content=\"https:\/\/www.facebook.com\/Vieux-Vy-Sport-Canin-778795142274900\/\" \/>\n<meta property=\"article:modified_time\" content=\"2022-11-29T14:02:27+00:00\" \/>\n<meta property=\"og:image\" content=\"https:\/\/vieux-vy-sport-canin.fr\/wp-content\/uploads\/2018\/09\/Trait.jpg\" \/>\n\t<meta property=\"og:image:width\" content=\"960\" \/>\n\t<meta property=\"og:image:height\" content=\"640\" \/>\n\t<meta property=\"og:image:type\" content=\"image\/jpeg\" \/>\n<meta name=\"twitter:card\" content=\"summary_large_image\" \/>\n<meta name=\"twitter:label1\" content=\"Dur\u00e9e de lecture estim\u00e9e\" \/>\n\t<meta name=\"twitter:data1\" content=\"3 minutes\" \/>\n<script type=\"application\/ld+json\" class=\"yoast-schema-graph\">{\"@context\":\"https:\/\/schema.org\",\"@graph\":[{\"@type\":\"WebPage\",\"@id\":\"https:\/\/vieux-vy-sport-canin.fr\/index.php\/le-pistage-francais\/\",\"url\":\"https:\/\/vieux-vy-sport-canin.fr\/index.php\/le-pistage-francais\/\",\"name\":\"Le pistage fran\u00e7ais - Vieux-Vy Sport Canin\",\"isPartOf\":{\"@id\":\"https:\/\/vieux-vy-sport-canin.fr\/#website\"},\"primaryImageOfPage\":{\"@id\":\"https:\/\/vieux-vy-sport-canin.fr\/index.php\/le-pistage-francais\/#primaryimage\"},\"image\":{\"@id\":\"https:\/\/vieux-vy-sport-canin.fr\/index.php\/le-pistage-francais\/#primaryimage\"},\"thumbnailUrl\":\"https:\/\/vieux-vy-sport-canin.fr\/wp-content\/uploads\/2018\/09\/Trait.jpg\",\"datePublished\":\"2018-09-27T06:40:16+00:00\",\"dateModified\":\"2022-11-29T14:02:27+00:00\",\"description\":\"Le pistage Fran\u00e7ais \u00e0 Vieux-Vy-Sport-Canin\",\"breadcrumb\":{\"@id\":\"https:\/\/vieux-vy-sport-canin.fr\/index.php\/le-pistage-francais\/#breadcrumb\"},\"inLanguage\":\"fr-FR\",\"potentialAction\":[{\"@type\":\"ReadAction\",\"target\":[\"https:\/\/vieux-vy-sport-canin.fr\/index.php\/le-pistage-francais\/\"]}]},{\"@type\":\"ImageObject\",\"inLanguage\":\"fr-FR\",\"@id\":\"https:\/\/vieux-vy-sport-canin.fr\/index.php\/le-pistage-francais\/#primaryimage\",\"url\":\"https:\/\/vieux-vy-sport-canin.fr\/wp-content\/uploads\/2018\/09\/Trait.jpg\",\"contentUrl\":\"https:\/\/vieux-vy-sport-canin.fr\/wp-content\/uploads\/2018\/09\/Trait.jpg\",\"width\":960,\"height\":640},{\"@type\":\"BreadcrumbList\",\"@id\":\"https:\/\/vieux-vy-sport-canin.fr\/index.php\/le-pistage-francais\/#breadcrumb\",\"itemListElement\":[{\"@type\":\"ListItem\",\"position\":1,\"name\":\"Accueil\",\"item\":\"https:\/\/vieux-vy-sport-canin.fr\/\"},{\"@type\":\"ListItem\",\"position\":2,\"name\":\"Le pistage fran\u00e7ais\"}]},{\"@type\":\"WebSite\",\"@id\":\"https:\/\/vieux-vy-sport-canin.fr\/#website\",\"url\":\"https:\/\/vieux-vy-sport-canin.fr\/\",\"name\":\"Vieux-Vy Sport Canin\",\"description\":\"Club canin de Vieux-Vy sur Couesnon, \u00e9ducation canine, pistage fran\u00e7ais et ring.\",\"potentialAction\":[{\"@type\":\"SearchAction\",\"target\":{\"@type\":\"EntryPoint\",\"urlTemplate\":\"https:\/\/vieux-vy-sport-canin.fr\/?s={search_term_string}\"},\"query-input\":{\"@type\":\"PropertyValueSpecification\",\"valueRequired\":true,\"valueName\":\"search_term_string\"}}],\"inLanguage\":\"fr-FR\"}]}<\/script>\n<!-- \/ Yoast SEO plugin. -->","yoast_head_json":{"title":"Le pistage fran\u00e7ais - Vieux-Vy Sport Canin","description":"Le pistage Fran\u00e7ais \u00e0 Vieux-Vy-Sport-Canin","robots":{"index":"index","follow":"follow","max-snippet":"max-snippet:-1","max-image-preview":"max-image-preview:large","max-video-preview":"max-video-preview:-1"},"canonical":"https:\/\/vieux-vy-sport-canin.fr\/index.php\/le-pistage-francais\/","og_locale":"fr_FR","og_type":"article","og_title":"Le pistage fran\u00e7ais - Vieux-Vy Sport Canin","og_description":"Le pistage Fran\u00e7ais \u00e0 Vieux-Vy-Sport-Canin","og_url":"https:\/\/vieux-vy-sport-canin.fr\/index.php\/le-pistage-francais\/","og_site_name":"Vieux-Vy Sport Canin","article_publisher":"https:\/\/www.facebook.com\/Vieux-Vy-Sport-Canin-778795142274900\/","article_modified_time":"2022-11-29T14:02:27+00:00","og_image":[{"width":960,"height":640,"url":"https:\/\/vieux-vy-sport-canin.fr\/wp-content\/uploads\/2018\/09\/Trait.jpg","type":"image\/jpeg"}],"twitter_card":"summary_large_image","twitter_misc":{"Dur\u00e9e de lecture estim\u00e9e":"3 minutes"},"schema":{"@context":"https:\/\/schema.org","@graph":[{"@type":"WebPage","@id":"https:\/\/vieux-vy-sport-canin.fr\/index.php\/le-pistage-francais\/","url":"https:\/\/vieux-vy-sport-canin.fr\/index.php\/le-pistage-francais\/","name":"Le pistage fran\u00e7ais - Vieux-Vy Sport Canin","isPartOf":{"@id":"https:\/\/vieux-vy-sport-canin.fr\/#website"},"primaryImageOfPage":{"@id":"https:\/\/vieux-vy-sport-canin.fr\/index.php\/le-pistage-francais\/#primaryimage"},"image":{"@id":"https:\/\/vieux-vy-sport-canin.fr\/index.php\/le-pistage-francais\/#primaryimage"},"thumbnailUrl":"https:\/\/vieux-vy-sport-canin.fr\/wp-content\/uploads\/2018\/09\/Trait.jpg","datePublished":"2018-09-27T06:40:16+00:00","dateModified":"2022-11-29T14:02:27+00:00","description":"Le pistage Fran\u00e7ais \u00e0 Vieux-Vy-Sport-Canin","breadcrumb":{"@id":"https:\/\/vieux-vy-sport-canin.fr\/index.php\/le-pistage-francais\/#breadcrumb"},"inLanguage":"fr-FR","potentialAction":[{"@type":"ReadAction","target":["https:\/\/vieux-vy-sport-canin.fr\/index.php\/le-pistage-francais\/"]}]},{"@type":"ImageObject","inLanguage":"fr-FR","@id":"https:\/\/vieux-vy-sport-canin.fr\/index.php\/le-pistage-francais\/#primaryimage","url":"https:\/\/vieux-vy-sport-canin.fr\/wp-content\/uploads\/2018\/09\/Trait.jpg","contentUrl":"https:\/\/vieux-vy-sport-canin.fr\/wp-content\/uploads\/2018\/09\/Trait.jpg","width":960,"height":640},{"@type":"BreadcrumbList","@id":"https:\/\/vieux-vy-sport-canin.fr\/index.php\/le-pistage-francais\/#breadcrumb","itemListElement":[{"@type":"ListItem","position":1,"name":"Accueil","item":"https:\/\/vieux-vy-sport-canin.fr\/"},{"@type":"ListItem","position":2,"name":"Le pistage fran\u00e7ais"}]},{"@type":"WebSite","@id":"https:\/\/vieux-vy-sport-canin.fr\/#website","url":"https:\/\/vieux-vy-sport-canin.fr\/","name":"Vieux-Vy Sport Canin","description":"Club canin de Vieux-Vy sur Couesnon, \u00e9ducation canine, pistage fran\u00e7ais et ring.","potentialAction":[{"@type":"SearchAction","target":{"@type":"EntryPoint","urlTemplate":"https:\/\/vieux-vy-sport-canin.fr\/?s={search_term_string}"},"query-input":{"@type":"PropertyValueSpecification","valueRequired":true,"valueName":"search_term_string"}}],"inLanguage":"fr-FR"}]}},"jetpack_sharing_enabled":true,"jetpack_shortlink":"https:\/\/wp.me\/Paj4Ig-1i","_links":{"self":[{"href":"https:\/\/vieux-vy-sport-canin.fr\/index.php\/wp-json\/wp\/v2\/pages\/80"}],"collection":[{"href":"https:\/\/vieux-vy-sport-canin.fr\/index.php\/wp-json\/wp\/v2\/pages"}],"about":[{"href":"https:\/\/vieux-vy-sport-canin.fr\/index.php\/wp-json\/wp\/v2\/types\/page"}],"author":[{"embeddable":true,"href":"https:\/\/vieux-vy-sport-canin.fr\/index.php\/wp-json\/wp\/v2\/users\/1"}],"replies":[{"embeddable":true,"href":"https:\/\/vieux-vy-sport-canin.fr\/index.php\/wp-json\/wp\/v2\/comments?post=80"}],"version-history":[{"count":2,"href":"https:\/\/vieux-vy-sport-canin.fr\/index.php\/wp-json\/wp\/v2\/pages\/80\/revisions"}],"predecessor-version":[{"id":228,"href":"https:\/\/vieux-vy-sport-canin.fr\/index.php\/wp-json\/wp\/v2\/pages\/80\/revisions\/228"}],"wp:featuredmedia":[{"embeddable":true,"href":"https:\/\/vieux-vy-sport-canin.fr\/index.php\/wp-json\/wp\/v2\/media\/84"}],"wp:attachment":[{"href":"https:\/\/vieux-vy-sport-canin.fr\/index.php\/wp-json\/wp\/v2\/media?parent=80"}],"curies":[{"name":"wp","href":"https:\/\/api.w.org\/{rel}","templated":true}]}}