{"id":95,"date":"2018-09-27T09:02:11","date_gmt":"2018-09-27T07:02:11","guid":{"rendered":"http:\/\/vieux-vy-sport-canin.fr\/?page_id=95"},"modified":"2018-09-27T09:03:02","modified_gmt":"2018-09-27T07:03:02","slug":"le-ring","status":"publish","type":"page","link":"https:\/\/vieux-vy-sport-canin.fr\/index.php\/le-ring\/","title":{"rendered":"Le ring"},"content":{"rendered":"<p>&nbsp;<\/p>\n<p>La discipline de RING se divise en trois parties :<\/p>\n<ul>\n<li>les sauts<\/li>\n<li>l&rsquo;ob\u00e9issance<\/li>\n<li>le mordant sportif.<\/li>\n<\/ul>\n<p><strong>Les sauts :<\/strong><\/p>\n<p>&nbsp;<\/p>\n<p><a href=\"http:\/\/vieux-vy-sport-canin.fr\/wp-content\/uploads\/2018\/09\/Haie.jpg\"><img loading=\"lazy\" decoding=\"async\" class=\"alignright wp-image-166\" src=\"http:\/\/vieux-vy-sport-canin.fr\/wp-content\/uploads\/2018\/09\/Haie.jpg\" width=\"400\" height=\"265\" \/><\/a><\/p>\n<p>&nbsp;<\/p>\n<p><strong>Le saut de haie :<\/strong><\/p>\n<ul>\n<li>0.90m en \u00e9chelon 1<\/li>\n<li>\u00e0 1.20m en \u00e9chelon 3 (aller\/retour)<\/li>\n<\/ul>\n<p>&nbsp;<\/p>\n<p>&nbsp;<\/p>\n<p>&nbsp;<\/p>\n<p><a href=\"http:\/\/vieux-vy-sport-canin.fr\/wp-content\/uploads\/2018\/09\/Palissade.jpg\"><img loading=\"lazy\" decoding=\"async\" class=\"alignright wp-image-167\" src=\"http:\/\/vieux-vy-sport-canin.fr\/wp-content\/uploads\/2018\/09\/Palissade.jpg\" width=\"400\" height=\"265\" \/><\/a><\/p>\n<p>&nbsp;<\/p>\n<p><strong>Escalade de la palissade :<\/strong><\/p>\n<ul>\n<li>1.70m en \u00e9chelon 1<\/li>\n<li>\u00e0 2.30m en \u00e9chelon 3 (aller\/retour)<\/li>\n<\/ul>\n<p>&nbsp;<\/p>\n<p>&nbsp;<\/p>\n<p>&nbsp;<\/p>\n<p><a href=\"http:\/\/vieux-vy-sport-canin.fr\/wp-content\/uploads\/2018\/09\/Longeur.jpg\"><img loading=\"lazy\" decoding=\"async\" class=\"alignright wp-image-168\" src=\"http:\/\/vieux-vy-sport-canin.fr\/wp-content\/uploads\/2018\/09\/Longeur.jpg\" width=\"400\" height=\"266\" \/><\/a><\/p>\n<p>&nbsp;<\/p>\n<p><strong>Saut en longueur (foss\u00e9) :<\/strong><\/p>\n<ul>\n<li>3m en \u00e9chelon 1<\/li>\n<li>\u00e0 4.50m en \u00e9chelon 3<\/li>\n<\/ul>\n<p>&nbsp;<\/p>\n<p>&nbsp;<\/p>\n<p>&nbsp;<\/p>\n<p><strong>L&rsquo;ob\u00e9issance :<\/strong><\/p>\n<p>Toujours en fonction du niveau du chien (1,2 ou 3), cette partie du programme sert \u00e0 juger la disponibilit\u00e9 du chien \u00e0 ob\u00e9ir dans des exercices divers et vari\u00e9s comme :<\/p>\n<ul>\n<li>Les suites au pied<\/li>\n<li>Les positions \u00e0 distance (assis, debout, couch\u00e9)<\/li>\n<li>Les rapports d\u2019objets<\/li>\n<li>Refus d\u2019app\u00e2ts<\/li>\n<\/ul>\n<div><a href=\"http:\/\/vieux-vy-sport-canin.fr\/wp-content\/uploads\/2018\/09\/Marche-au-pied.jpg\"><img loading=\"lazy\" decoding=\"async\" class=\"aligncenter wp-image-169\" src=\"http:\/\/vieux-vy-sport-canin.fr\/wp-content\/uploads\/2018\/09\/Marche-au-pied.jpg\" width=\"266\" height=\"400\" \/><\/a><\/div>\n<p>&nbsp;<\/p>\n<p><strong>Le mordant sportif :<\/strong><\/p>\n<div>\n<p>Comme pour les sauts et l&rsquo;ob\u00e9issance, la difficult\u00e9 des \u00e9preuves augmente dans les diff\u00e9rents \u00e9chelons (1,2 ou 3). Elle se compose elle aussi en diff\u00e9rents exercices :<\/p>\n<ul>\n<li>attaques lanc\u00e9es<\/li>\n<li>attaque arr\u00eat\u00e9e<\/li>\n<li>garde d\u2019objet<\/li>\n<li>d\u00e9fense du ma\u00eetre<\/li>\n<li>recherche<\/li>\n<\/ul>\n<div><a href=\"http:\/\/vieux-vy-sport-canin.fr\/wp-content\/uploads\/2018\/09\/Fu-Redene-1.jpg\"><img loading=\"lazy\" decoding=\"async\" class=\"aligncenter wp-image-171\" src=\"http:\/\/vieux-vy-sport-canin.fr\/wp-content\/uploads\/2018\/09\/Fu-Redene-1.jpg\" width=\"400\" height=\"275\" \/><\/a><\/div>\n<p>&nbsp;<\/p>\n<p>Le ma\u00eetre et le chien forment une \u00e9quipe pour y affronter l\u2019homme assistant (personne qui porte le costume). Cet homme assistant est arm\u00e9 d\u2019un b\u00e2ton en bambou creux et fendu (tr\u00e8s bruyant) ou d\u2019un revolver \u00e0 blanc de calibre 9mm selon l\u2019exercice, afin d\u2019\u00e9valuer le courage du chien. L\u2019objectif de l\u2019homme assistant est de faire perdre le maximum de points au chien.<br \/>\nOn pourrait comparer cet affrontement \u00e0 un sport de combat, d\u2019ailleurs le mordant pratiqu\u00e9 dans les clubs canins est appel\u00e9 mordant sportif.<\/p>\n<\/div>\n<div>\n<p>Les qualit\u00e9s indispensables de nos chiens, pour ces exercices de mordants sont:<\/p>\n<ul>\n<li>le courage (attaques)<\/li>\n<li>la disponibilit\u00e9 (\u00e0 l&rsquo;\u00e9coute de son ma\u00eetre)<\/li>\n<li>le physique (parcours RING 3 = 45 min non-stop)<\/li>\n<\/ul>\n<p>La partie mordant est la plus importante pour la s\u00e9lection canine car permet d\u2019\u00e9valuer les qualit\u00e9s essentielles d\u2019un bon chien de travail.<\/p>\n<\/div>\n","protected":false},"excerpt":{"rendered":"<p>&nbsp; La discipline de RING se divise en trois parties : les sauts l&rsquo;ob\u00e9issance le mordant sportif. Les sauts : &nbsp; &nbsp; Le saut de haie : 0.90m en \u00e9chelon 1 \u00e0 1.20m en \u00e9chelon 3 (aller\/retour) &nbsp; &nbsp; &nbsp; &nbsp; Escalade de la palissade : 1.70m en \u00e9chelon 1&#8230; <a class=\"continue-reading-link\" href=\"https:\/\/vieux-vy-sport-canin.fr\/index.php\/le-ring\/\"> Continue reading <span class=\"meta-nav\">&rarr; <\/span><\/a><\/p>\n","protected":false},"author":1,"featured_media":0,"parent":0,"menu_order":0,"comment_status":"closed","ping_status":"closed","template":"","meta":{"jetpack_post_was_ever_published":false,"footnotes":""},"yoast_head":"<!-- This site is optimized with the Yoast SEO plugin v24.5 - https:\/\/yoast.com\/wordpress\/plugins\/seo\/ -->\n<title>Le ring - Vieux-Vy Sport Canin<\/title>\n<meta name=\"robots\" content=\"index, follow, max-snippet:-1, max-image-preview:large, max-video-preview:-1\" \/>\n<link rel=\"canonical\" href=\"https:\/\/vieux-vy-sport-canin.fr\/index.php\/le-ring\/\" \/>\n<meta property=\"og:locale\" content=\"fr_FR\" \/>\n<meta property=\"og:type\" content=\"article\" \/>\n<meta property=\"og:title\" content=\"Le ring - Vieux-Vy Sport Canin\" \/>\n<meta property=\"og:description\" content=\"&nbsp; La discipline de RING se divise en trois parties : les sauts l&rsquo;ob\u00e9issance le mordant sportif. Les sauts : &nbsp; &nbsp; Le saut de haie : 0.90m en \u00e9chelon 1 \u00e0 1.20m en \u00e9chelon 3 (aller\/retour) &nbsp; &nbsp; &nbsp; &nbsp; Escalade de la palissade : 1.70m en \u00e9chelon 1... Continue reading &rarr;\" \/>\n<meta property=\"og:url\" content=\"https:\/\/vieux-vy-sport-canin.fr\/index.php\/le-ring\/\" \/>\n<meta property=\"og:site_name\" content=\"Vieux-Vy Sport Canin\" \/>\n<meta property=\"article:publisher\" content=\"https:\/\/www.facebook.com\/Vieux-Vy-Sport-Canin-778795142274900\/\" \/>\n<meta property=\"article:modified_time\" content=\"2018-09-27T07:03:02+00:00\" \/>\n<meta property=\"og:image\" content=\"http:\/\/vieux-vy-sport-canin.fr\/wp-content\/uploads\/2018\/09\/Haie.jpg\" \/>\n<meta name=\"twitter:card\" content=\"summary_large_image\" \/>\n<meta name=\"twitter:label1\" content=\"Dur\u00e9e de lecture estim\u00e9e\" \/>\n\t<meta name=\"twitter:data1\" content=\"2 minutes\" \/>\n<script type=\"application\/ld+json\" class=\"yoast-schema-graph\">{\"@context\":\"https:\/\/schema.org\",\"@graph\":[{\"@type\":\"WebPage\",\"@id\":\"https:\/\/vieux-vy-sport-canin.fr\/index.php\/le-ring\/\",\"url\":\"https:\/\/vieux-vy-sport-canin.fr\/index.php\/le-ring\/\",\"name\":\"Le ring - Vieux-Vy Sport Canin\",\"isPartOf\":{\"@id\":\"https:\/\/vieux-vy-sport-canin.fr\/#website\"},\"primaryImageOfPage\":{\"@id\":\"https:\/\/vieux-vy-sport-canin.fr\/index.php\/le-ring\/#primaryimage\"},\"image\":{\"@id\":\"https:\/\/vieux-vy-sport-canin.fr\/index.php\/le-ring\/#primaryimage\"},\"thumbnailUrl\":\"http:\/\/vieux-vy-sport-canin.fr\/wp-content\/uploads\/2018\/09\/Haie.jpg\",\"datePublished\":\"2018-09-27T07:02:11+00:00\",\"dateModified\":\"2018-09-27T07:03:02+00:00\",\"breadcrumb\":{\"@id\":\"https:\/\/vieux-vy-sport-canin.fr\/index.php\/le-ring\/#breadcrumb\"},\"inLanguage\":\"fr-FR\",\"potentialAction\":[{\"@type\":\"ReadAction\",\"target\":[\"https:\/\/vieux-vy-sport-canin.fr\/index.php\/le-ring\/\"]}]},{\"@type\":\"ImageObject\",\"inLanguage\":\"fr-FR\",\"@id\":\"https:\/\/vieux-vy-sport-canin.fr\/index.php\/le-ring\/#primaryimage\",\"url\":\"https:\/\/vieux-vy-sport-canin.fr\/wp-content\/uploads\/2018\/09\/Haie.jpg\",\"contentUrl\":\"https:\/\/vieux-vy-sport-canin.fr\/wp-content\/uploads\/2018\/09\/Haie.jpg\",\"width\":709,\"height\":469},{\"@type\":\"BreadcrumbList\",\"@id\":\"https:\/\/vieux-vy-sport-canin.fr\/index.php\/le-ring\/#breadcrumb\",\"itemListElement\":[{\"@type\":\"ListItem\",\"position\":1,\"name\":\"Accueil\",\"item\":\"https:\/\/vieux-vy-sport-canin.fr\/\"},{\"@type\":\"ListItem\",\"position\":2,\"name\":\"Le ring\"}]},{\"@type\":\"WebSite\",\"@id\":\"https:\/\/vieux-vy-sport-canin.fr\/#website\",\"url\":\"https:\/\/vieux-vy-sport-canin.fr\/\",\"name\":\"Vieux-Vy Sport Canin\",\"description\":\"Club canin de Vieux-Vy sur Couesnon, \u00e9ducation canine, pistage fran\u00e7ais et ring.\",\"potentialAction\":[{\"@type\":\"SearchAction\",\"target\":{\"@type\":\"EntryPoint\",\"urlTemplate\":\"https:\/\/vieux-vy-sport-canin.fr\/?s={search_term_string}\"},\"query-input\":{\"@type\":\"PropertyValueSpecification\",\"valueRequired\":true,\"valueName\":\"search_term_string\"}}],\"inLanguage\":\"fr-FR\"}]}<\/script>\n<!-- \/ Yoast SEO plugin. -->","yoast_head_json":{"title":"Le ring - Vieux-Vy Sport Canin","robots":{"index":"index","follow":"follow","max-snippet":"max-snippet:-1","max-image-preview":"max-image-preview:large","max-video-preview":"max-video-preview:-1"},"canonical":"https:\/\/vieux-vy-sport-canin.fr\/index.php\/le-ring\/","og_locale":"fr_FR","og_type":"article","og_title":"Le ring - Vieux-Vy Sport Canin","og_description":"&nbsp; La discipline de RING se divise en trois parties : les sauts l&rsquo;ob\u00e9issance le mordant sportif. Les sauts : &nbsp; &nbsp; Le saut de haie : 0.90m en \u00e9chelon 1 \u00e0 1.20m en \u00e9chelon 3 (aller\/retour) &nbsp; &nbsp; &nbsp; &nbsp; Escalade de la palissade : 1.70m en \u00e9chelon 1... Continue reading &rarr;","og_url":"https:\/\/vieux-vy-sport-canin.fr\/index.php\/le-ring\/","og_site_name":"Vieux-Vy Sport Canin","article_publisher":"https:\/\/www.facebook.com\/Vieux-Vy-Sport-Canin-778795142274900\/","article_modified_time":"2018-09-27T07:03:02+00:00","og_image":[{"url":"http:\/\/vieux-vy-sport-canin.fr\/wp-content\/uploads\/2018\/09\/Haie.jpg","type":"","width":"","height":""}],"twitter_card":"summary_large_image","twitter_misc":{"Dur\u00e9e de lecture estim\u00e9e":"2 minutes"},"schema":{"@context":"https:\/\/schema.org","@graph":[{"@type":"WebPage","@id":"https:\/\/vieux-vy-sport-canin.fr\/index.php\/le-ring\/","url":"https:\/\/vieux-vy-sport-canin.fr\/index.php\/le-ring\/","name":"Le ring - Vieux-Vy Sport Canin","isPartOf":{"@id":"https:\/\/vieux-vy-sport-canin.fr\/#website"},"primaryImageOfPage":{"@id":"https:\/\/vieux-vy-sport-canin.fr\/index.php\/le-ring\/#primaryimage"},"image":{"@id":"https:\/\/vieux-vy-sport-canin.fr\/index.php\/le-ring\/#primaryimage"},"thumbnailUrl":"http:\/\/vieux-vy-sport-canin.fr\/wp-content\/uploads\/2018\/09\/Haie.jpg","datePublished":"2018-09-27T07:02:11+00:00","dateModified":"2018-09-27T07:03:02+00:00","breadcrumb":{"@id":"https:\/\/vieux-vy-sport-canin.fr\/index.php\/le-ring\/#breadcrumb"},"inLanguage":"fr-FR","potentialAction":[{"@type":"ReadAction","target":["https:\/\/vieux-vy-sport-canin.fr\/index.php\/le-ring\/"]}]},{"@type":"ImageObject","inLanguage":"fr-FR","@id":"https:\/\/vieux-vy-sport-canin.fr\/index.php\/le-ring\/#primaryimage","url":"https:\/\/vieux-vy-sport-canin.fr\/wp-content\/uploads\/2018\/09\/Haie.jpg","contentUrl":"https:\/\/vieux-vy-sport-canin.fr\/wp-content\/uploads\/2018\/09\/Haie.jpg","width":709,"height":469},{"@type":"BreadcrumbList","@id":"https:\/\/vieux-vy-sport-canin.fr\/index.php\/le-ring\/#breadcrumb","itemListElement":[{"@type":"ListItem","position":1,"name":"Accueil","item":"https:\/\/vieux-vy-sport-canin.fr\/"},{"@type":"ListItem","position":2,"name":"Le ring"}]},{"@type":"WebSite","@id":"https:\/\/vieux-vy-sport-canin.fr\/#website","url":"https:\/\/vieux-vy-sport-canin.fr\/","name":"Vieux-Vy Sport Canin","description":"Club canin de Vieux-Vy sur Couesnon, \u00e9ducation canine, pistage fran\u00e7ais et ring.","potentialAction":[{"@type":"SearchAction","target":{"@type":"EntryPoint","urlTemplate":"https:\/\/vieux-vy-sport-canin.fr\/?s={search_term_string}"},"query-input":{"@type":"PropertyValueSpecification","valueRequired":true,"valueName":"search_term_string"}}],"inLanguage":"fr-FR"}]}},"jetpack_sharing_enabled":true,"jetpack_shortlink":"https:\/\/wp.me\/Paj4Ig-1x","_links":{"self":[{"href":"https:\/\/vieux-vy-sport-canin.fr\/index.php\/wp-json\/wp\/v2\/pages\/95"}],"collection":[{"href":"https:\/\/vieux-vy-sport-canin.fr\/index.php\/wp-json\/wp\/v2\/pages"}],"about":[{"href":"https:\/\/vieux-vy-sport-canin.fr\/index.php\/wp-json\/wp\/v2\/types\/page"}],"author":[{"embeddable":true,"href":"https:\/\/vieux-vy-sport-canin.fr\/index.php\/wp-json\/wp\/v2\/users\/1"}],"replies":[{"embeddable":true,"href":"https:\/\/vieux-vy-sport-canin.fr\/index.php\/wp-json\/wp\/v2\/comments?post=95"}],"version-history":[{"count":3,"href":"https:\/\/vieux-vy-sport-canin.fr\/index.php\/wp-json\/wp\/v2\/pages\/95\/revisions"}],"predecessor-version":[{"id":104,"href":"https:\/\/vieux-vy-sport-canin.fr\/index.php\/wp-json\/wp\/v2\/pages\/95\/revisions\/104"}],"wp:attachment":[{"href":"https:\/\/vieux-vy-sport-canin.fr\/index.php\/wp-json\/wp\/v2\/media?parent=95"}],"curies":[{"name":"wp","href":"https:\/\/api.w.org\/{rel}","templated":true}]}}